{"id":6691,"date":"2025-02-18T15:59:44","date_gmt":"2025-02-18T14:59:44","guid":{"rendered":"https:\/\/www.protenergia.com\/new\/privacy-policy\/"},"modified":"2025-02-18T15:59:44","modified_gmt":"2025-02-18T14:59:44","slug":"privacy-policy","status":"publish","type":"page","link":"https:\/\/protenergia.com\/en\/privacy-policy\/","title":{"rendered":"Privacy Policy"},"content":{"rendered":"<p><b>RESPONSIBLE<\/b><b>: <\/b> <\/p>\n<p>PROT Grupo Empresarial, S.L. (NIF: B56350234)<br \/>\nPROT Energ\u00eda Comercializaci\u00f3n, S.L.U. (NIF: B66477993)<br \/>\nPROT Energ\u00eda Instalaciones, S.L.U. (NIF: B56237217)<br \/>\nPROT Renova, S.L.U. (NIF: B56456727)<\/p>\n<p>Registered office: C\/Solicrup, 19, 08800 Vilanova i la Geltr\u00fa, Barcelona<br \/>\nContact telephone: 938931987<br \/>\nE-mail: hola@protenergia.com<\/p>\n<p><b>MAIN PURPOSE<\/b>: To manage the potential commercial\/professional relationship. To answer the queries or send the information you request. <\/p>\n<p><b>RIGHTS<\/b>: Access, rectification, deletion and portability of your data, limitation and opposition to its processing, as well as not to be subject to decisions based solely on the automated processing of your data, where appropriate.<\/p>\n<p><b>ADDITIONAL INFORMATION<\/b>: Additional detailed information about our Privacy Policy is available at https:\/\/protenergia.com\/politica-de-privacidad\/.<\/p>\n<div>\n<p>Following the principles of legality, loyalty and transparency, we provide you with this Privacy Policy<br \/>\n.<\/p>\n<h4><b>Who is responsible for the processing of your data?<\/b><\/h4>\n<p>RESPONSIBLE: Prot. Energia Comercializaci\u00f3n, S.L.<br \/>\nNIF: B66477993<br \/>\nCOMPANY ADDRESS: Pol\u00edgono Industrial Santa Magdalena, Rambla Pa\u00efsos Catalans, 18, Nave 45, 08800, Vilanova i la Geltru, Barcelona<br \/>\nCONTACT<br \/>\nEmail :rgpd@protenergia.com<br \/>\nTelephone: 938931987<br \/>\nDPO: dpo@protenergia.com <\/p>\n<h4>For what purposes do we process your personal data?<\/h4>\n<p>In Prot. Energia Comercializaci\u00f3n, S.L., depending on the category of interested party in question, we process the<br \/>\ninformation you provide us with the following purposes: <\/p>\n<p><b>POTENTIAL CUSTOMERS:<\/b> To manage the potential commercial and\/or professional relationship, manage the sending of requested information and\/or resolve the queries raised, provide offers of our services and\/or products of interest.<\/p>\n<p><b>CUSTOMERS:<\/b> To manage the commercial and\/or professional relationship, provide offers of our services and\/or products of your interest.<\/p>\n<p><b>SUPPLIERS:<\/b> Manage the commercial and\/or professional relationship.<\/p>\n<p><b>CANDIDATES:<\/b> Manage the personnel selection process.<\/p>\n<p><b>WEB USERS:<\/b> Manage the analysis of their browsing data.<\/p>\n<p>&nbsp;<\/p>\n<p>What is the legitimacy for the processing of your data?<\/p>\n<p>The legal basis for the processing of your personal data, depending on the category of data subject concerned,<br \/>\nmay be:<\/p>\n<p><b>POTENTIAL CUSTOMERS<\/b>: Art. 6.1.b RGPD: application, at the request of the data subject, of pre-contractual measures (estimates, order forms, service offers&#8230;). Art. 6.1.f RGPD: Legitimate interest (sending requested information, answering queries raised&#8230;). Art. 6.1.a RGPD: consent of the person concerned (provide offers of our services and \/ or products).  <\/p>\n<p><b>CUSTOMERS<\/b>: Art. 6.1.b RGPD: execution of a contract to which the data subject is a party.<\/p>\n<p><b>SUPPLIERS<\/b>: Art. 6.1.b RGPD: execution of a contract to which the data subject is a party.<\/p>\n<p><b>CANDIDATES<\/b>: Art. 6.1.a RGPD: consent of the data subject.<\/p>\n<p><b>WEB USERS<\/b>: Art. 6.1.a RGPD: consent of the data subject.<\/p>\n<p>The data we request are adequate, relevant and strictly necessary and in no case you are obliged to<br \/>\nprovide them to us, but their non-communication may affect the purpose of the service or the impossibility of providing it.<\/p>\n<h4>How long will we keep your personal data?<\/h4>\n<p>Your data will be kept for the minimum time necessary for the proper provision of the service offered as well as for<br \/>\nmeet the responsibilities that may arise from it and any other legal requirement.<\/p>\n<h4>To which recipients will your data be communicated?<\/h4>\n<p>Prot. Energia Comercializaci\u00f3n, S.L. will not communicate your data to any third party, unless you expressly inform<br \/>\n. <\/p>\n<p>Additionally, we inform you that certain data, by virtue of the regulations in force or the contractual relationship that<br \/>\nmaintains with Prot. Energia Comercializaci\u00f3n, S.L., may be communicated to: <\/p>\n<p>Banks and financial institutions for the collection of contracted services and\/or purchased products.<br \/>\nPublic administrations with competence in the sectors of activity of Prot. Energia Comercializaci\u00f3n, S.L.,<br \/>\nwhen so established by current regulations. <\/p>\n<h4>Are data transferred internationally?<\/h4>\n<p>In Prot. Energ\u00eda Comercializaci\u00f3n S.L. we use specific software to improve our service and facilitate the<br \/>\nmanagement of our resources. Among them we use:<br \/>\nTGP, HR management software owned by Cezanne HR Limited, a company located in the United Kingdom whose international data transfer<br \/>\nis based on an Adequacy Decision<br \/>\nHubspot, CRM owned by HubSpot Inc, a company located in the United States whose international data transfer is<br \/>\nbased on the signing of the corresponding Standard Contractual Clauses.  <\/p>\n<h4>What are your rights when you provide us with your data?<\/h4>\n<p>The data protection rights that data subjects may exercise, where applicable, are:<\/p>\n<p>Right to request access to personal data concerning the data subject.<br \/>\nRight to rectification or erasure.<br \/>\nRight to object.<br \/>\nRight to request restriction of processing.<br \/>\nRight to data portability.<br \/>\nRight not to be subject to decisions based solely on automatic data processing.<\/p>\n<p>The holders of the personal data obtained, may exercise their rights of protection of personal data<br \/>\nby sending a written communication to the registered office of Prot. Energia Comercializaci\u00f3n, S.L. or to the e-mail<br \/>\nenabled for this purpose, rgpd@protenergia.com. <\/p>\n<p>Models, forms and more information about your rights are available on the website of the national supervisory authority<br \/>\n, Agencia Espa\u00f1ola de Protecci\u00f3n de Datos, hereinafter, AEPD, www.aepd.es.<\/p>\n<h4>Can I withdraw consent?<\/h4>\n<p>You have the possibility and the right to withdraw your consent for any specific purpose given at<br \/>\nat any time, without affecting the lawfulness of the processing based on the consent prior to its withdrawal.<\/p>\n<h4>Where can I complain if I feel that my data is not being treated correctly?<\/h4>\n<p>If any interested party considers that their data is not being treated correctly by Prot. Energia Comercializaci\u00f3n, S.L. or that<br \/>\nrequests to exercise their rights have not been satisfactorily dealt with, they may lodge a complaint<br \/>\nwith the corresponding data protection authority, being the AEPD the one indicated in the national territory,<br \/>\nwww.aepd.es. <\/p>\n<h4>Security and updating of your personal data<\/h4>\n<p>In order to safeguard the security of your personal data, we inform you that we have adopted all the necessary technical and organizational<br \/>\nmeasures to ensure the security of the personal data provided. All this<br \/>\nto prevent alteration, loss, and \/ or unauthorized access or treatment, as required by law, although the<br \/>\nabsolute security does not exist. <\/p>\n<p>It is important that, in order for us to keep your personal data up to date, you inform us whenever there is a change in your personal data<br \/>\n.<\/p>\n<h4>Confidentiality<\/h4>\n<p>Prot. Energia Comercializaci\u00f3n, S.L. informs you that your data will be treated with the utmost care and confidentiality by<br \/>\nall staff involved in any phase of treatment. We will not transfer or communicate to any third party<br \/>\nyour data, except in the cases provided by law, or unless the person concerned has authorized us<br \/>\nexpressly.  <\/p>\n<\/div>\n","protected":false},"excerpt":{"rendered":"<p>RESPONSIBLE: PROT Grupo Empresarial, S.L. (NIF: B56350234) PROT Energ\u00eda Comercializaci\u00f3n, S.L.U. (NIF: B66477993) PROT Energ\u00eda Instalaciones, S.L.U. (NIF: B56237217) PROT Renova, S.L.U. (NIF: B56456727) Registered office: C\/Solicrup, 19, 08800 Vilanova&#8230;<\/p>\n","protected":false},"author":1,"featured_media":0,"parent":0,"menu_order":0,"comment_status":"closed","ping_status":"closed","template":"","meta":{"inline_featured_image":false,"_joinchat":[],"footnotes":""},"class_list":["post-6691","page","type-page","status-publish"],"_links":{"self":[{"href":"https:\/\/protenergia.com\/en\/wp-json\/wp\/v2\/pages\/6691","targetHints":{"allow":["GET"]}}],"collection":[{"href":"https:\/\/protenergia.com\/en\/wp-json\/wp\/v2\/pages"}],"about":[{"href":"https:\/\/protenergia.com\/en\/wp-json\/wp\/v2\/types\/page"}],"author":[{"embeddable":true,"href":"https:\/\/protenergia.com\/en\/wp-json\/wp\/v2\/users\/1"}],"replies":[{"embeddable":true,"href":"https:\/\/protenergia.com\/en\/wp-json\/wp\/v2\/comments?post=6691"}],"version-history":[{"count":0,"href":"https:\/\/protenergia.com\/en\/wp-json\/wp\/v2\/pages\/6691\/revisions"}],"wp:attachment":[{"href":"https:\/\/protenergia.com\/en\/wp-json\/wp\/v2\/media?parent=6691"}],"curies":[{"name":"wp","href":"https:\/\/api.w.org\/{rel}","templated":true}]}}